{"id":2600,"date":"2025-10-24T14:19:53","date_gmt":"2025-10-24T12:19:53","guid":{"rendered":"https:\/\/aceglass.pl\/konfigurator\/balustraden\/"},"modified":"2025-11-14T12:39:47","modified_gmt":"2025-11-14T11:39:47","slug":"balustraden","status":"publish","type":"page","link":"https:\/\/aceglass.pl\/de\/konfigurator\/balustraden\/","title":{"rendered":"Balustraden"},"content":{"rendered":"\t\t<div data-elementor-type=\"wp-page\" data-elementor-id=\"2600\" class=\"elementor elementor-2600 elementor-2471\" data-elementor-post-type=\"page\">\n\t\t\t\t\t\t<section class=\"elementor-section elementor-top-section elementor-element elementor-element-34cd964 elementor-section-full_width elementor-section-height-default elementor-section-height-default\" data-id=\"34cd964\" data-element_type=\"section\" data-e-type=\"section\">\n\t\t\t\t\t\t<div class=\"elementor-container elementor-column-gap-default\">\n\t\t\t\t\t<div class=\"elementor-column elementor-col-100 elementor-top-column elementor-element elementor-element-7866a28\" data-id=\"7866a28\" data-element_type=\"column\" data-e-type=\"column\">\n\t\t\t<div class=\"elementor-widget-wrap elementor-element-populated\">\n\t\t\t\t\t\t<div class=\"elementor-element elementor-element-9f906c7 elementor-widget elementor-widget-spacer\" data-id=\"9f906c7\" data-element_type=\"widget\" data-e-type=\"widget\" data-widget_type=\"spacer.default\">\n\t\t\t\t<div class=\"elementor-widget-container\">\n\t\t\t\t\t\t\t<div class=\"elementor-spacer\">\n\t\t\t<div class=\"elementor-spacer-inner\"><\/div>\n\t\t<\/div>\n\t\t\t\t\t\t<\/div>\n\t\t\t\t<\/div>\n\t\t\t\t<div class=\"elementor-element elementor-element-67abc7c elementor-widget elementor-widget-heading\" data-id=\"67abc7c\" data-element_type=\"widget\" data-e-type=\"widget\" data-widget_type=\"heading.default\">\n\t\t\t\t<div class=\"elementor-widget-container\">\n\t\t\t\t\t<h1 class=\"elementor-heading-title elementor-size-default\">Balustraden-Konfigurator<\/h1>\t\t\t\t<\/div>\n\t\t\t\t<\/div>\n\t\t\t\t<div class=\"elementor-element elementor-element-d43f963 elementor-widget elementor-widget-html\" data-id=\"d43f963\" data-element_type=\"widget\" data-e-type=\"widget\" data-widget_type=\"html.default\">\n\t\t\t\t<div class=\"elementor-widget-container\">\n\t\t\t\t\t<script async src=\"https:\/\/cdn.variantic.com\/variantic-player\/latest\"><\/script><variantic-player\n    id=\"variantic-configurator\"\n\tsite-id=\"682ed5a0f2ca71da10831462\"\n\tcomponent-id=\"8addf707-cec1-4724-ba0d-4ad4b835b5e3\"\n\tlibrary-version=\"default\"\n\tadd-layout\n\tlang-code=\"de\"\n\tcurrency=\"EUR\"\n\tstyle=\"max-width:100%; width: 100%; height:1000px; display:block; margin: 0 auto;\"\n\tadd-ar\n\tadd-documentation\n\tadd-configuration\n><\/variantic-player><style>.w-full.flex.p-2.border-t.bg-white.shadow-md.relative.gap-2 button:last-of-type {\n    width: 100%;\n}\n\n.w-full.flex.p-2.border-t.bg-white.shadow-md.relative.gap-2 button:first-of-type {\n    display: none;\n}\n\n<\/style>\t\t\t\t<\/div>\n\t\t\t\t<\/div>\n\t\t\t\t<div class=\"elementor-element elementor-element-000f591 elementor-widget elementor-widget-heading\" data-id=\"000f591\" data-element_type=\"widget\" data-e-type=\"widget\" data-widget_type=\"heading.default\">\n\t\t\t\t<div class=\"elementor-widget-container\">\n\t\t\t\t\t<h1 class=\"elementor-heading-title elementor-size-default\">Glasgel\u00e4ndern f\u00fcr Innen- und Au\u00dfenbereich<\/h1>\t\t\t\t<\/div>\n\t\t\t\t<\/div>\n\t\t\t\t<section class=\"elementor-section elementor-inner-section elementor-element elementor-element-6bb11b8 elementor-section-boxed elementor-section-height-default elementor-section-height-default\" data-id=\"6bb11b8\" data-element_type=\"section\" data-e-type=\"section\">\n\t\t\t\t\t\t<div class=\"elementor-container elementor-column-gap-default\">\n\t\t\t\t\t<div class=\"elementor-column elementor-col-50 elementor-inner-column elementor-element elementor-element-ca5c47d\" data-id=\"ca5c47d\" data-element_type=\"column\" data-e-type=\"column\">\n\t\t\t<div class=\"elementor-widget-wrap elementor-element-populated\">\n\t\t\t\t\t\t<div class=\"elementor-element elementor-element-4683d19 elementor-align-justify elementor-widget elementor-widget-button\" data-id=\"4683d19\" data-element_type=\"widget\" data-e-type=\"widget\" id=\"generate-document\" data-widget_type=\"button.default\">\n\t\t\t\t<div class=\"elementor-widget-container\">\n\t\t\t\t\t\t\t\t\t<div class=\"elementor-button-wrapper\">\n\t\t\t\t\t<a class=\"elementor-button elementor-size-sm\" role=\"button\">\n\t\t\t\t\t\t<span class=\"elementor-button-content-wrapper\">\n\t\t\t\t\t\t\t\t\t<span class=\"elementor-button-text\">Dokumentation herunterladen<\/span>\n\t\t\t\t\t<\/span>\n\t\t\t\t\t<\/a>\n\t\t\t\t<\/div>\n\t\t\t\t\t\t\t\t<\/div>\n\t\t\t\t<\/div>\n\t\t\t\t\t<\/div>\n\t\t<\/div>\n\t\t\t\t<div class=\"elementor-column elementor-col-50 elementor-inner-column elementor-element elementor-element-2e3ba9a\" data-id=\"2e3ba9a\" data-element_type=\"column\" data-e-type=\"column\">\n\t\t\t<div class=\"elementor-widget-wrap elementor-element-populated\">\n\t\t\t\t\t\t<div class=\"elementor-element elementor-element-704a70f elementor-align-justify elementor-widget elementor-widget-button\" data-id=\"704a70f\" data-element_type=\"widget\" data-e-type=\"widget\" id=\"send-inquiry\" data-widget_type=\"button.default\">\n\t\t\t\t<div class=\"elementor-widget-container\">\n\t\t\t\t\t\t\t\t\t<div class=\"elementor-button-wrapper\">\n\t\t\t\t\t<a class=\"elementor-button elementor-size-sm\" role=\"button\">\n\t\t\t\t\t\t<span class=\"elementor-button-content-wrapper\">\n\t\t\t\t\t\t\t\t\t<span class=\"elementor-button-text\">Fragen Sie nach Kontakt<\/span>\n\t\t\t\t\t<\/span>\n\t\t\t\t\t<\/a>\n\t\t\t\t<\/div>\n\t\t\t\t\t\t\t\t<\/div>\n\t\t\t\t<\/div>\n\t\t\t\t\t<\/div>\n\t\t<\/div>\n\t\t\t\t\t<\/div>\n\t\t<\/section>\n\t\t\t\t\t<\/div>\n\t\t<\/div>\n\t\t\t\t\t<\/div>\n\t\t<\/section>\n\t\t\t\t<\/div>\n\t\t","protected":false},"excerpt":{"rendered":"<p>Balustraden-Konfigurator Glasgel\u00e4ndern f\u00fcr Innen- und Au\u00dfenbereich Dokumentation herunterladen Fragen Sie nach Kontakt<\/p>\n","protected":false},"author":10,"featured_media":0,"parent":2595,"menu_order":0,"comment_status":"closed","ping_status":"closed","template":"elementor_header_footer","meta":{"advgb_blocks_editor_width":"","advgb_blocks_columns_visual_guide":"","footnotes":""},"class_list":["post-2600","page","type-page","status-publish","hentry"],"yoast_head":"<!-- This site is optimized with the Yoast SEO plugin v27.4 - https:\/\/yoast.com\/product\/yoast-seo-wordpress\/ -->\n<title>Balustraden \u2b50 ACE Glass<\/title>\n<meta name=\"robots\" content=\"noindex, nofollow\" \/>\n<meta property=\"og:locale\" content=\"de_DE\" \/>\n<meta property=\"og:type\" content=\"article\" \/>\n<meta property=\"og:title\" content=\"Balustraden \u2b50 ACE Glass\" \/>\n<meta property=\"og:description\" content=\"Balustraden-Konfigurator Glasgel\u00e4ndern f\u00fcr Innen- und Au\u00dfenbereich Dokumentation herunterladen Fragen Sie nach Kontakt\" \/>\n<meta property=\"og:url\" content=\"https:\/\/aceglass.pl\/de\/konfigurator\/balustraden\/\" \/>\n<meta property=\"og:site_name\" content=\"ACE Glass\" \/>\n<meta property=\"article:modified_time\" content=\"2025-11-14T11:39:47+00:00\" \/>\n<meta name=\"twitter:card\" content=\"summary_large_image\" \/>\n<!-- \/ Yoast SEO plugin. -->","yoast_head_json":{"title":"Balustraden \u2b50 ACE Glass","robots":{"index":"noindex","follow":"nofollow"},"og_locale":"de_DE","og_type":"article","og_title":"Balustraden \u2b50 ACE Glass","og_description":"Balustraden-Konfigurator Glasgel\u00e4ndern f\u00fcr Innen- und Au\u00dfenbereich Dokumentation herunterladen Fragen Sie nach Kontakt","og_url":"https:\/\/aceglass.pl\/de\/konfigurator\/balustraden\/","og_site_name":"ACE Glass","article_modified_time":"2025-11-14T11:39:47+00:00","twitter_card":"summary_large_image","schema":{"@context":"https:\/\/schema.org","@graph":[{"@type":"WebPage","@id":"https:\/\/aceglass.pl\/de\/konfigurator\/balustraden\/","url":"https:\/\/aceglass.pl\/de\/konfigurator\/balustraden\/","name":"Balustraden \u2b50 ACE Glass","isPartOf":{"@id":"https:\/\/aceglass.pl\/de\/#website"},"datePublished":"2025-10-24T12:19:53+00:00","dateModified":"2025-11-14T11:39:47+00:00","breadcrumb":{"@id":"https:\/\/aceglass.pl\/de\/konfigurator\/balustraden\/#breadcrumb"},"inLanguage":"de","potentialAction":[{"@type":"ReadAction","target":["https:\/\/aceglass.pl\/de\/konfigurator\/balustraden\/"]}]},{"@type":"BreadcrumbList","@id":"https:\/\/aceglass.pl\/de\/konfigurator\/balustraden\/#breadcrumb","itemListElement":[{"@type":"ListItem","position":1,"name":"Strona g\u0142\u00f3wna","item":"https:\/\/aceglass.pl\/de\/"},{"@type":"ListItem","position":2,"name":"Konfigurator","item":"https:\/\/aceglass.pl\/de\/konfigurator\/"},{"@type":"ListItem","position":3,"name":"Balustraden"}]},{"@type":"WebSite","@id":"https:\/\/aceglass.pl\/de\/#website","url":"https:\/\/aceglass.pl\/de\/","name":"AceGlass Pozna\u0144","description":"Pozna\u0144","potentialAction":[{"@type":"SearchAction","target":{"@type":"EntryPoint","urlTemplate":"https:\/\/aceglass.pl\/de\/?s={search_term_string}"},"query-input":{"@type":"PropertyValueSpecification","valueRequired":true,"valueName":"search_term_string"}}],"inLanguage":"de"}]}},"coauthors":[],"author_meta":{"author_link":"https:\/\/aceglass.pl\/de\/author\/seo\/","display_name":"Seo"},"relative_dates":{"created":"Ver\u00f6ffentlicht 6\u00a0Monaten vor","modified":"Aktualisiert 5\u00a0Monaten vor"},"absolute_dates":{"created":"Ver\u00f6ffentlicht am 24. Oktober 2025","modified":"Aktualisiert am 14. November 2025"},"absolute_dates_time":{"created":"Ver\u00f6ffentlicht am 24. Oktober 2025 14:19","modified":"Aktualisiert am 14. November 2025 12:39"},"featured_img_caption":"","featured_img":false,"series_order":"","_links":{"self":[{"href":"https:\/\/aceglass.pl\/de\/wp-json\/wp\/v2\/pages\/2600","targetHints":{"allow":["GET"]}}],"collection":[{"href":"https:\/\/aceglass.pl\/de\/wp-json\/wp\/v2\/pages"}],"about":[{"href":"https:\/\/aceglass.pl\/de\/wp-json\/wp\/v2\/types\/page"}],"author":[{"embeddable":true,"href":"https:\/\/aceglass.pl\/de\/wp-json\/wp\/v2\/users\/10"}],"replies":[{"embeddable":true,"href":"https:\/\/aceglass.pl\/de\/wp-json\/wp\/v2\/comments?post=2600"}],"version-history":[{"count":17,"href":"https:\/\/aceglass.pl\/de\/wp-json\/wp\/v2\/pages\/2600\/revisions"}],"predecessor-version":[{"id":2746,"href":"https:\/\/aceglass.pl\/de\/wp-json\/wp\/v2\/pages\/2600\/revisions\/2746"}],"up":[{"embeddable":true,"href":"https:\/\/aceglass.pl\/de\/wp-json\/wp\/v2\/pages\/2595"}],"wp:attachment":[{"href":"https:\/\/aceglass.pl\/de\/wp-json\/wp\/v2\/media?parent=2600"}],"curies":[{"name":"wp","href":"https:\/\/api.w.org\/{rel}","templated":true}]}}