{"id":2595,"date":"2025-10-24T14:15:59","date_gmt":"2025-10-24T12:15:59","guid":{"rendered":"https:\/\/aceglass.pl\/konfigurator\/"},"modified":"2026-03-11T10:47:40","modified_gmt":"2026-03-11T09:47:40","slug":"konfigurator","status":"publish","type":"page","link":"https:\/\/aceglass.pl\/de\/konfigurator\/","title":{"rendered":"Konfigurator"},"content":{"rendered":"\t\t<div data-elementor-type=\"wp-page\" data-elementor-id=\"2595\" class=\"elementor elementor-2595 elementor-2538\" data-elementor-post-type=\"page\">\n\t\t\t\t\t\t<section class=\"elementor-section elementor-top-section elementor-element elementor-element-34cd964 elementor-section-full_width elementor-section-height-default elementor-section-height-default\" data-id=\"34cd964\" data-element_type=\"section\" data-e-type=\"section\">\n\t\t\t\t\t\t<div class=\"elementor-container elementor-column-gap-default\">\n\t\t\t\t\t<div class=\"elementor-column elementor-col-100 elementor-top-column elementor-element elementor-element-7866a28\" data-id=\"7866a28\" data-element_type=\"column\" data-e-type=\"column\">\n\t\t\t<div class=\"elementor-widget-wrap elementor-element-populated\">\n\t\t\t\t\t\t<div class=\"elementor-element elementor-element-9f906c7 elementor-widget elementor-widget-spacer\" data-id=\"9f906c7\" data-element_type=\"widget\" data-e-type=\"widget\" data-widget_type=\"spacer.default\">\n\t\t\t\t<div class=\"elementor-widget-container\">\n\t\t\t\t\t\t\t<div class=\"elementor-spacer\">\n\t\t\t<div class=\"elementor-spacer-inner\"><\/div>\n\t\t<\/div>\n\t\t\t\t\t\t<\/div>\n\t\t\t\t<\/div>\n\t\t\t\t<div class=\"elementor-element elementor-element-67abc7c elementor-widget elementor-widget-heading\" data-id=\"67abc7c\" data-element_type=\"widget\" data-e-type=\"widget\" data-widget_type=\"heading.default\">\n\t\t\t\t<div class=\"elementor-widget-container\">\n\t\t\t\t\t<h1 class=\"elementor-heading-title elementor-size-default\">Konfiguratoren<\/h1>\t\t\t\t<\/div>\n\t\t\t\t<\/div>\n\t\t\t\t<section class=\"elementor-section elementor-inner-section elementor-element elementor-element-f7ffcc9 elementor-section-boxed elementor-section-height-default elementor-section-height-default\" data-id=\"f7ffcc9\" data-element_type=\"section\" data-e-type=\"section\">\n\t\t\t\t\t\t<div class=\"elementor-container elementor-column-gap-extended\">\n\t\t\t\t\t<div class=\"elementor-column elementor-col-25 elementor-inner-column elementor-element elementor-element-d3d520b\" data-id=\"d3d520b\" data-element_type=\"column\" data-e-type=\"column\">\n\t\t\t<div class=\"elementor-widget-wrap\">\n\t\t\t\t\t\t\t<\/div>\n\t\t<\/div>\n\t\t\t\t<div class=\"elementor-column elementor-col-25 elementor-inner-column elementor-element elementor-element-e203fbf\" data-id=\"e203fbf\" data-element_type=\"column\" data-e-type=\"column\">\n\t\t\t<div class=\"elementor-widget-wrap elementor-element-populated\">\n\t\t\t\t\t\t<div class=\"elementor-element elementor-element-815df13 elementor-widget elementor-widget-image\" data-id=\"815df13\" data-element_type=\"widget\" data-e-type=\"widget\" data-widget_type=\"image.default\">\n\t\t\t\t<div class=\"elementor-widget-container\">\n\t\t\t\t\t\t\t\t\t\t\t\t\t\t\t\t<a href=\"https:\/\/aceglass.pl\/de\/konfigurator\/balustraden\/\">\n\t\t\t\t\t\t\t<img fetchpriority=\"high\" decoding=\"async\" width=\"1024\" height=\"674\" src=\"https:\/\/aceglass.pl\/wp-content\/uploads\/2024\/01\/aceglass-poznan-balustrady-szklane-wewetrzne-i-zewnetrzene-4-1024x674.jpeg\" class=\"attachment-large size-large wp-image-2132\" alt=\"balustrady balkonowe szklane ciemne\" srcset=\"https:\/\/aceglass.pl\/wp-content\/uploads\/2024\/01\/aceglass-poznan-balustrady-szklane-wewetrzne-i-zewnetrzene-4-1024x674.jpeg 1024w, https:\/\/aceglass.pl\/wp-content\/uploads\/2024\/01\/aceglass-poznan-balustrady-szklane-wewetrzne-i-zewnetrzene-4-350x231.jpeg 350w, https:\/\/aceglass.pl\/wp-content\/uploads\/2024\/01\/aceglass-poznan-balustrady-szklane-wewetrzne-i-zewnetrzene-4-768x506.jpeg 768w, https:\/\/aceglass.pl\/wp-content\/uploads\/2024\/01\/aceglass-poznan-balustrady-szklane-wewetrzne-i-zewnetrzene-4-222x146.jpeg 222w, https:\/\/aceglass.pl\/wp-content\/uploads\/2024\/01\/aceglass-poznan-balustrady-szklane-wewetrzne-i-zewnetrzene-4-50x33.jpeg 50w, https:\/\/aceglass.pl\/wp-content\/uploads\/2024\/01\/aceglass-poznan-balustrady-szklane-wewetrzne-i-zewnetrzene-4-114x75.jpeg 114w, https:\/\/aceglass.pl\/wp-content\/uploads\/2024\/01\/aceglass-poznan-balustrady-szklane-wewetrzne-i-zewnetrzene-4.jpeg 1280w\" sizes=\"(max-width: 1024px) 100vw, 1024px\" \/>\t\t\t\t\t\t\t\t<\/a>\n\t\t\t\t\t\t\t\t\t\t\t\t\t\t\t<\/div>\n\t\t\t\t<\/div>\n\t\t\t\t<div class=\"elementor-element elementor-element-3509f5a elementor-widget__width-initial elementor-widget elementor-widget-image-box\" data-id=\"3509f5a\" data-element_type=\"widget\" data-e-type=\"widget\" data-widget_type=\"image-box.default\">\n\t\t\t\t<div class=\"elementor-widget-container\">\n\t\t\t\t\t<div class=\"elementor-image-box-wrapper\"><div class=\"elementor-image-box-content\"><h3 class=\"elementor-image-box-title\"><a href=\"https:\/\/aceglass.pl\/de\/konfigurator\/balustraden\/\">Balustraden-Konfigurator<\/a><\/h3><p class=\"elementor-image-box-description\">Gestalten Sie Ihre Traumbalustrade - w\u00e4hlen Sie das Design, die Materialien und die Ausf\u00fchrung in unserem intuitiven Konfigurator. Finden Sie heraus, wie einfach es ist, eine Balustrade an Ihrem Projekt anzubringen!<\/p><\/div><\/div>\t\t\t\t<\/div>\n\t\t\t\t<\/div>\n\t\t\t\t\t<\/div>\n\t\t<\/div>\n\t\t\t\t<div class=\"elementor-column elementor-col-25 elementor-inner-column elementor-element elementor-element-e915d37\" data-id=\"e915d37\" data-element_type=\"column\" data-e-type=\"column\">\n\t\t\t<div class=\"elementor-widget-wrap\">\n\t\t\t\t\t\t\t<\/div>\n\t\t<\/div>\n\t\t\t\t<div class=\"elementor-column elementor-col-25 elementor-inner-column elementor-element elementor-element-5cf014f\" data-id=\"5cf014f\" data-element_type=\"column\" data-e-type=\"column\">\n\t\t\t<div class=\"elementor-widget-wrap\">\n\t\t\t\t\t\t\t<\/div>\n\t\t<\/div>\n\t\t\t\t\t<\/div>\n\t\t<\/section>\n\t\t\t\t\t<\/div>\n\t\t<\/div>\n\t\t\t\t\t<\/div>\n\t\t<\/section>\n\t\t\t\t<\/div>\n\t\t","protected":false},"excerpt":{"rendered":"<p>Konfiguratoren Balustraden-Konfigurator Gestalten Sie Ihre Traumbalustrade &#8211; w\u00e4hlen Sie das Design, die Materialien und die Ausf\u00fchrung in unserem intuitiven Konfigurator. Finden Sie heraus, wie einfach es<span class=\"excerpt-hellip\"> [\u2026]<\/span><\/p>\n","protected":false},"author":10,"featured_media":0,"parent":0,"menu_order":0,"comment_status":"closed","ping_status":"closed","template":"","meta":{"advgb_blocks_editor_width":"","advgb_blocks_columns_visual_guide":"","footnotes":""},"class_list":["post-2595","page","type-page","status-publish","hentry"],"yoast_head":"<!-- This site is optimized with the Yoast SEO plugin v27.4 - https:\/\/yoast.com\/product\/yoast-seo-wordpress\/ -->\n<title>Konfigurator \u2b50 ACE Glass<\/title>\n<meta name=\"robots\" content=\"noindex, nofollow\" \/>\n<meta property=\"og:locale\" content=\"de_DE\" \/>\n<meta property=\"og:type\" content=\"article\" \/>\n<meta property=\"og:title\" content=\"Konfigurator \u2b50 ACE Glass\" \/>\n<meta property=\"og:description\" content=\"Konfiguratoren Balustraden-Konfigurator Gestalten Sie Ihre Traumbalustrade &#8211; w\u00e4hlen Sie das Design, die Materialien und die Ausf\u00fchrung in unserem intuitiven Konfigurator. Finden Sie heraus, wie einfach es [\u2026]\" \/>\n<meta property=\"og:url\" content=\"https:\/\/aceglass.pl\/de\/konfigurator\/\" \/>\n<meta property=\"og:site_name\" content=\"ACE Glass\" \/>\n<meta property=\"article:modified_time\" content=\"2026-03-11T09:47:40+00:00\" \/>\n<meta property=\"og:image\" content=\"https:\/\/aceglass.pl\/wp-content\/uploads\/2024\/01\/aceglass-poznan-balustrady-szklane-wewetrzne-i-zewnetrzene-4-1024x674.jpeg\" \/>\n<meta name=\"twitter:card\" content=\"summary_large_image\" \/>\n<!-- \/ Yoast SEO plugin. -->","yoast_head_json":{"title":"Konfigurator \u2b50 ACE Glass","robots":{"index":"noindex","follow":"nofollow"},"og_locale":"de_DE","og_type":"article","og_title":"Konfigurator \u2b50 ACE Glass","og_description":"Konfiguratoren Balustraden-Konfigurator Gestalten Sie Ihre Traumbalustrade &#8211; w\u00e4hlen Sie das Design, die Materialien und die Ausf\u00fchrung in unserem intuitiven Konfigurator. Finden Sie heraus, wie einfach es [\u2026]","og_url":"https:\/\/aceglass.pl\/de\/konfigurator\/","og_site_name":"ACE Glass","article_modified_time":"2026-03-11T09:47:40+00:00","og_image":[{"url":"https:\/\/aceglass.pl\/wp-content\/uploads\/2024\/01\/aceglass-poznan-balustrady-szklane-wewetrzne-i-zewnetrzene-4-1024x674.jpeg","type":"","width":"","height":""}],"twitter_card":"summary_large_image","schema":{"@context":"https:\/\/schema.org","@graph":[{"@type":"WebPage","@id":"https:\/\/aceglass.pl\/de\/konfigurator\/","url":"https:\/\/aceglass.pl\/de\/konfigurator\/","name":"Konfigurator \u2b50 ACE Glass","isPartOf":{"@id":"https:\/\/aceglass.pl\/de\/#website"},"primaryImageOfPage":{"@id":"https:\/\/aceglass.pl\/de\/konfigurator\/#primaryimage"},"image":{"@id":"https:\/\/aceglass.pl\/de\/konfigurator\/#primaryimage"},"thumbnailUrl":"https:\/\/aceglass.pl\/wp-content\/uploads\/2024\/01\/aceglass-poznan-balustrady-szklane-wewetrzne-i-zewnetrzene-4-1024x674.jpeg","datePublished":"2025-10-24T12:15:59+00:00","dateModified":"2026-03-11T09:47:40+00:00","breadcrumb":{"@id":"https:\/\/aceglass.pl\/de\/konfigurator\/#breadcrumb"},"inLanguage":"de","potentialAction":[{"@type":"ReadAction","target":["https:\/\/aceglass.pl\/de\/konfigurator\/"]}]},{"@type":"ImageObject","inLanguage":"de","@id":"https:\/\/aceglass.pl\/de\/konfigurator\/#primaryimage","url":"https:\/\/aceglass.pl\/wp-content\/uploads\/2024\/01\/aceglass-poznan-balustrady-szklane-wewetrzne-i-zewnetrzene-4-1024x674.jpeg","contentUrl":"https:\/\/aceglass.pl\/wp-content\/uploads\/2024\/01\/aceglass-poznan-balustrady-szklane-wewetrzne-i-zewnetrzene-4-1024x674.jpeg"},{"@type":"BreadcrumbList","@id":"https:\/\/aceglass.pl\/de\/konfigurator\/#breadcrumb","itemListElement":[{"@type":"ListItem","position":1,"name":"Strona g\u0142\u00f3wna","item":"https:\/\/aceglass.pl\/de\/"},{"@type":"ListItem","position":2,"name":"Konfigurator"}]},{"@type":"WebSite","@id":"https:\/\/aceglass.pl\/de\/#website","url":"https:\/\/aceglass.pl\/de\/","name":"AceGlass Pozna\u0144","description":"Pozna\u0144","potentialAction":[{"@type":"SearchAction","target":{"@type":"EntryPoint","urlTemplate":"https:\/\/aceglass.pl\/de\/?s={search_term_string}"},"query-input":{"@type":"PropertyValueSpecification","valueRequired":true,"valueName":"search_term_string"}}],"inLanguage":"de"}]}},"coauthors":[],"author_meta":{"author_link":"https:\/\/aceglass.pl\/de\/author\/seo\/","display_name":"Seo"},"relative_dates":{"created":"Ver\u00f6ffentlicht 6\u00a0Monaten vor","modified":"Aktualisiert 1\u00a0Monat vor"},"absolute_dates":{"created":"Ver\u00f6ffentlicht am 24. Oktober 2025","modified":"Aktualisiert am 11. M\u00e4rz 2026"},"absolute_dates_time":{"created":"Ver\u00f6ffentlicht am 24. Oktober 2025 14:15","modified":"Aktualisiert am 11. M\u00e4rz 2026 10:47"},"featured_img_caption":"","featured_img":false,"series_order":"","_links":{"self":[{"href":"https:\/\/aceglass.pl\/de\/wp-json\/wp\/v2\/pages\/2595","targetHints":{"allow":["GET"]}}],"collection":[{"href":"https:\/\/aceglass.pl\/de\/wp-json\/wp\/v2\/pages"}],"about":[{"href":"https:\/\/aceglass.pl\/de\/wp-json\/wp\/v2\/types\/page"}],"author":[{"embeddable":true,"href":"https:\/\/aceglass.pl\/de\/wp-json\/wp\/v2\/users\/10"}],"replies":[{"embeddable":true,"href":"https:\/\/aceglass.pl\/de\/wp-json\/wp\/v2\/comments?post=2595"}],"version-history":[{"count":2,"href":"https:\/\/aceglass.pl\/de\/wp-json\/wp\/v2\/pages\/2595\/revisions"}],"predecessor-version":[{"id":2602,"href":"https:\/\/aceglass.pl\/de\/wp-json\/wp\/v2\/pages\/2595\/revisions\/2602"}],"wp:attachment":[{"href":"https:\/\/aceglass.pl\/de\/wp-json\/wp\/v2\/media?parent=2595"}],"curies":[{"name":"wp","href":"https:\/\/api.w.org\/{rel}","templated":true}]}}