{"id":1753,"date":"2021-12-09T17:45:40","date_gmt":"2021-12-09T16:45:40","guid":{"rendered":"https:\/\/vn10yxn7v4k.c.updraftclone.com\/cookie-richtlinie\/"},"modified":"2026-03-11T10:47:19","modified_gmt":"2026-03-11T09:47:19","slug":"cookie-richtlinie","status":"publish","type":"page","link":"https:\/\/aceglass.pl\/de\/cookie-richtlinie\/","title":{"rendered":"Cookie-Richtlinie"},"content":{"rendered":"<p>1. Cookie-Dateien, auch \u201eCookies\u201c genannt, sind Textdateien, die im Speicher des zum Surfen auf Websites verwendeten Ger\u00e4ts (z. B. PC, Notebook, Tablet, PDA, Mobiltelefon) gespeichert und gespeichert werden. Nach dem Speichern der Dateien werden der oder die Server mit ihnen verbunden und der entsprechende Zugriff darauf erhalten.<\/p>\n<p>2. Diese Website www.aceglass.pl und alle ihre Unterseiten verwenden nur Cookies:<\/p>\n<ul>\n<li>nach dem Ausf\u00fcllen des Kontaktformulars<\/li>\n<li>zu statistischen Zwecken,<\/li>\n<li>wenn Sie sich zur Verwaltung in das Website-Verwaltungssystem einloggen.<\/li>\n<\/ul>\n<p>3. Durch die \u00c4nderung der Einstellungen der Software, die zum Durchsuchen dieser Website www.aceglass.pl und ihrer Unterseiten verwendet wird, k\u00f6nnen die Speicherbedingungen und die Bedingungen f\u00fcr den Zugriff auf die von dieser Website und ihren Unterseiten verwendeten Cookies festgelegt werden, insbesondere die M\u00f6glichkeit der vollst\u00e4ndigen deren Verwendung deaktivieren.<\/p>\n<p>4. Um die Einstellungen in Bezug auf den Umgang mit Cookies zu \u00e4ndern, muss die Software, die zum Durchsuchen dieser Website www.aceglass.pl und ihrer Unterseiten verwendet wird, richtig konfiguriert sein. Entsprechende Informationen hierzu erhalten Sie beim technischen Support f\u00fcr diese Software oder bei deren Lieferanten.<\/p>\n<p>5. Das Vers\u00e4umnis, die Einstellungen der Software zu \u00e4ndern, die zum Durchsuchen dieser Website www.aceglass.pl und ihrer Unterseiten verwendet wird, stellt gem\u00e4\u00df Art. 173 Absatz. 2 TKG der Verwendung von Cookies durch diese Website und deren Unterseiten zu den oben genannten Zwecken zustimmen.<\/p>\n","protected":false},"excerpt":{"rendered":"<p>1. Cookie-Dateien, auch \u201eCookies\u201c genannt, sind Textdateien, die im Speicher des zum Surfen auf Websites verwendeten Ger\u00e4ts (z. B. PC, Notebook, Tablet, PDA, Mobiltelefon) gespeichert und<span class=\"excerpt-hellip\"> [\u2026]<\/span><\/p>\n","protected":false},"author":9,"featured_media":0,"parent":0,"menu_order":0,"comment_status":"closed","ping_status":"closed","template":"","meta":{"advgb_blocks_editor_width":"","advgb_blocks_columns_visual_guide":"","footnotes":""},"class_list":["post-1753","page","type-page","status-publish","hentry"],"yoast_head":"<!-- This site is optimized with the Yoast SEO plugin v27.4 - https:\/\/yoast.com\/product\/yoast-seo-wordpress\/ -->\n<title>Cookie-Richtlinie \u2b50 ACE Glass<\/title>\n<meta name=\"robots\" content=\"noindex, follow\" \/>\n<meta property=\"og:locale\" content=\"de_DE\" \/>\n<meta property=\"og:type\" content=\"article\" \/>\n<meta property=\"og:title\" content=\"Cookie-Richtlinie \u2b50 ACE Glass\" \/>\n<meta property=\"og:description\" content=\"1. Cookie-Dateien, auch \u201eCookies\u201c genannt, sind Textdateien, die im Speicher des zum Surfen auf Websites verwendeten Ger\u00e4ts (z. B. PC, Notebook, Tablet, PDA, Mobiltelefon) gespeichert und [\u2026]\" \/>\n<meta property=\"og:url\" content=\"https:\/\/aceglass.pl\/de\/cookie-richtlinie\/\" \/>\n<meta property=\"og:site_name\" content=\"ACE Glass\" \/>\n<meta property=\"article:modified_time\" content=\"2026-03-11T09:47:19+00:00\" \/>\n<meta name=\"twitter:card\" content=\"summary_large_image\" \/>\n<meta name=\"twitter:label1\" content=\"Gesch\u00e4tzte Lesezeit\" \/>\n\t<meta name=\"twitter:data1\" content=\"1\u00a0Minute\" \/>\n<!-- \/ Yoast SEO plugin. -->","yoast_head_json":{"title":"Cookie-Richtlinie \u2b50 ACE Glass","robots":{"index":"noindex","follow":"follow"},"og_locale":"de_DE","og_type":"article","og_title":"Cookie-Richtlinie \u2b50 ACE Glass","og_description":"1. Cookie-Dateien, auch \u201eCookies\u201c genannt, sind Textdateien, die im Speicher des zum Surfen auf Websites verwendeten Ger\u00e4ts (z. B. PC, Notebook, Tablet, PDA, Mobiltelefon) gespeichert und [\u2026]","og_url":"https:\/\/aceglass.pl\/de\/cookie-richtlinie\/","og_site_name":"ACE Glass","article_modified_time":"2026-03-11T09:47:19+00:00","twitter_card":"summary_large_image","twitter_misc":{"Gesch\u00e4tzte Lesezeit":"1\u00a0Minute"},"schema":{"@context":"https:\/\/schema.org","@graph":[{"@type":"WebPage","@id":"https:\/\/aceglass.pl\/de\/cookie-richtlinie\/","url":"https:\/\/aceglass.pl\/de\/cookie-richtlinie\/","name":"Cookie-Richtlinie \u2b50 ACE Glass","isPartOf":{"@id":"https:\/\/aceglass.pl\/de\/#website"},"datePublished":"2021-12-09T16:45:40+00:00","dateModified":"2026-03-11T09:47:19+00:00","breadcrumb":{"@id":"https:\/\/aceglass.pl\/de\/cookie-richtlinie\/#breadcrumb"},"inLanguage":"de","potentialAction":[{"@type":"ReadAction","target":["https:\/\/aceglass.pl\/de\/cookie-richtlinie\/"]}]},{"@type":"BreadcrumbList","@id":"https:\/\/aceglass.pl\/de\/cookie-richtlinie\/#breadcrumb","itemListElement":[{"@type":"ListItem","position":1,"name":"Strona g\u0142\u00f3wna","item":"https:\/\/aceglass.pl\/de\/"},{"@type":"ListItem","position":2,"name":"Cookie-Richtlinie"}]},{"@type":"WebSite","@id":"https:\/\/aceglass.pl\/de\/#website","url":"https:\/\/aceglass.pl\/de\/","name":"AceGlass Pozna\u0144","description":"Pozna\u0144","potentialAction":[{"@type":"SearchAction","target":{"@type":"EntryPoint","urlTemplate":"https:\/\/aceglass.pl\/de\/?s={search_term_string}"},"query-input":{"@type":"PropertyValueSpecification","valueRequired":true,"valueName":"search_term_string"}}],"inLanguage":"de"}]}},"coauthors":[],"author_meta":{"author_link":"https:\/\/aceglass.pl\/de\/author\/aceglass\/","display_name":"AceGlass"},"relative_dates":{"created":"Ver\u00f6ffentlicht 4\u00a0Jahren vor","modified":"Aktualisiert 1\u00a0Monat vor"},"absolute_dates":{"created":"Ver\u00f6ffentlicht am 9. Dezember 2021","modified":"Aktualisiert am 11. M\u00e4rz 2026"},"absolute_dates_time":{"created":"Ver\u00f6ffentlicht am 9. Dezember 2021 17:45","modified":"Aktualisiert am 11. M\u00e4rz 2026 10:47"},"featured_img_caption":"","featured_img":false,"series_order":"","_links":{"self":[{"href":"https:\/\/aceglass.pl\/de\/wp-json\/wp\/v2\/pages\/1753","targetHints":{"allow":["GET"]}}],"collection":[{"href":"https:\/\/aceglass.pl\/de\/wp-json\/wp\/v2\/pages"}],"about":[{"href":"https:\/\/aceglass.pl\/de\/wp-json\/wp\/v2\/types\/page"}],"author":[{"embeddable":true,"href":"https:\/\/aceglass.pl\/de\/wp-json\/wp\/v2\/users\/9"}],"replies":[{"embeddable":true,"href":"https:\/\/aceglass.pl\/de\/wp-json\/wp\/v2\/comments?post=1753"}],"version-history":[{"count":1,"href":"https:\/\/aceglass.pl\/de\/wp-json\/wp\/v2\/pages\/1753\/revisions"}],"predecessor-version":[{"id":1754,"href":"https:\/\/aceglass.pl\/de\/wp-json\/wp\/v2\/pages\/1753\/revisions\/1754"}],"wp:attachment":[{"href":"https:\/\/aceglass.pl\/de\/wp-json\/wp\/v2\/media?parent=1753"}],"curies":[{"name":"wp","href":"https:\/\/api.w.org\/{rel}","templated":true}]}}