{"id":1683,"date":"2021-12-09T09:15:11","date_gmt":"2021-12-09T08:15:11","guid":{"rendered":"https:\/\/vn10yxn7v4k.c.updraftclone.com\/kontakt\/"},"modified":"2026-03-31T09:11:28","modified_gmt":"2026-03-31T07:11:28","slug":"kontakt","status":"publish","type":"page","link":"https:\/\/aceglass.pl\/de\/kontakt\/","title":{"rendered":"Kontakt"},"content":{"rendered":"\t\t<div data-elementor-type=\"wp-page\" data-elementor-id=\"1683\" class=\"elementor elementor-1683 elementor-20\" data-elementor-post-type=\"page\">\n\t\t\t\t\t\t<section class=\"elementor-section elementor-top-section elementor-element elementor-element-4696991 elementor-section-boxed elementor-section-height-default elementor-section-height-default\" data-id=\"4696991\" data-element_type=\"section\" data-e-type=\"section\">\n\t\t\t\t\t\t<div class=\"elementor-container elementor-column-gap-default\">\n\t\t\t\t\t<div class=\"elementor-column elementor-col-100 elementor-top-column elementor-element elementor-element-b3d0fe0\" data-id=\"b3d0fe0\" data-element_type=\"column\" data-e-type=\"column\">\n\t\t\t<div class=\"elementor-widget-wrap elementor-element-populated\">\n\t\t\t\t\t\t<div class=\"elementor-element elementor-element-e14e192 breadcrumbs elementor-widget elementor-widget-shortcode\" data-id=\"e14e192\" data-element_type=\"widget\" data-e-type=\"widget\" data-widget_type=\"shortcode.default\">\n\t\t\t\t<div class=\"elementor-widget-container\">\n\t\t\t\t\t\t\t<div class=\"elementor-shortcode\"><span><span><a href=\"https:\/\/aceglass.pl\/de\/\">Strona g\u0142\u00f3wna<\/a><\/span><\/span><\/div>\n\t\t\t\t\t\t<\/div>\n\t\t\t\t<\/div>\n\t\t\t\t<div class=\"elementor-element elementor-element-f8e813d elementor-widget elementor-widget-heading\" data-id=\"f8e813d\" data-element_type=\"widget\" data-e-type=\"widget\" data-widget_type=\"heading.default\">\n\t\t\t\t<div class=\"elementor-widget-container\">\n\t\t\t\t\t<h1 class=\"elementor-heading-title elementor-size-default\">Kontakt<\/h1>\t\t\t\t<\/div>\n\t\t\t\t<\/div>\n\t\t\t\t\t<\/div>\n\t\t<\/div>\n\t\t\t\t\t<\/div>\n\t\t<\/section>\n\t\t\t\t<section class=\"elementor-section elementor-top-section elementor-element elementor-element-d8ed590 elementor-section-boxed elementor-section-height-default elementor-section-height-default\" data-id=\"d8ed590\" data-element_type=\"section\" data-e-type=\"section\">\n\t\t\t\t\t\t<div class=\"elementor-container elementor-column-gap-default\">\n\t\t\t\t\t<div class=\"elementor-column elementor-col-33 elementor-top-column elementor-element elementor-element-5068f92\" data-id=\"5068f92\" data-element_type=\"column\" data-e-type=\"column\">\n\t\t\t<div class=\"elementor-widget-wrap elementor-element-populated\">\n\t\t\t\t\t\t<div class=\"elementor-element elementor-element-f210e98 elementor-widget elementor-widget-text-editor\" data-id=\"f210e98\" data-element_type=\"widget\" data-e-type=\"widget\" data-widget_type=\"text-editor.default\">\n\t\t\t\t<div class=\"elementor-widget-container\">\n\t\t\t\t\t\t\t\t\t<h4>ACE Glass<br \/>M. Wo\u017aniak sp. z o.o.<\/h4><p><a title=\"\u00dcberpr\u00fcfen Sie, wie Sie dorthin gelangen\" href=\"https:\/\/goo.gl\/maps\/9roqDGkty492\" target=\"_blank\" rel=\"noopener\">Kamienna Str. 6 <br \/>62-081 Wysogotowo, k. Pozna\u0144, Polen<\/a><\/p><p><i class=\"icon-mobile\"><\/i> <a href=\"tel:+48618161938\">+48 61 816 19 38<\/a><\/p><p><i class=\"icon-mobile\"><\/i> <a href=\"tel:+485758001174\">+48 575 001 174<\/a><\/p><p><i class=\"icon-email\"><\/i> <a href=\"mailto:aceglass@aceglass.pl\">aceglass@aceglass.pl<\/a><\/p><p>Steueridentifikationsnr.: 781-191-25-37<br \/>Landesgerichtsregisternr.: 0000567108<br \/>Konto: PL 60 2490 0005 0000 4520 6401 0985<\/p>\t\t\t\t\t\t\t\t<\/div>\n\t\t\t\t<\/div>\n\t\t\t\t\t<\/div>\n\t\t<\/div>\n\t\t\t\t<div class=\"elementor-column elementor-col-33 elementor-top-column elementor-element elementor-element-eac41f6\" data-id=\"eac41f6\" data-element_type=\"column\" data-e-type=\"column\">\n\t\t\t<div class=\"elementor-widget-wrap elementor-element-populated\">\n\t\t\t\t\t\t<div class=\"elementor-element elementor-element-406b033 elementor-widget elementor-widget-text-editor\" data-id=\"406b033\" data-element_type=\"widget\" data-e-type=\"widget\" data-widget_type=\"text-editor.default\">\n\t\t\t\t<div class=\"elementor-widget-container\">\n\t\t\t\t\t\t\t\t\t<p><b>Glasbaub\u00fcro:<\/b><br \/>\n<i class=\"icon-mobile\"><\/i> <a href=\"tel:+48604180255\">+48 604 180 255<\/a><br \/>\n<i class=\"icon-email\"><\/i> <a href=\"mailto:zabudowyszklane@aceglass.pl\">zabudowyszklane@aceglass.pl<\/a><\/p>\n<p><b>Werkzeuge zur Glasbearbeitung:<\/b><br \/>\n<i class=\"icon-mobile\"><\/i> <a href=\"tel:+48730%20222%20005\">+48 730 222 005<\/a><br \/>\n<i class=\"icon-email\"><\/i> <a href=\"mailto:sklep@aceglass.pl\">sklep@aceglass.pl<\/a><\/p>\n<p><b>Bestellungen von Glaslaminaten:<\/b><br \/>\n<i class=\"icon-email\"><\/i> <a href=\"mailto:laminowanie@aceglass.pl\">laminowanie@aceglass.pl<\/a><\/p>\n\t\t\t\t\t\t\t\t<\/div>\n\t\t\t\t<\/div>\n\t\t\t\t\t<\/div>\n\t\t<\/div>\n\t\t\t\t<div class=\"elementor-column elementor-col-33 elementor-top-column elementor-element elementor-element-1e4fb05\" data-id=\"1e4fb05\" data-element_type=\"column\" data-e-type=\"column\">\n\t\t\t<div class=\"elementor-widget-wrap elementor-element-populated\">\n\t\t\t\t\t\t<div class=\"elementor-element elementor-element-004b195 elementor-widget elementor-widget-text-editor\" data-id=\"004b195\" data-element_type=\"widget\" data-e-type=\"widget\" data-widget_type=\"text-editor.default\">\n\t\t\t\t<div class=\"elementor-widget-container\">\n\t\t\t\t\t\t\t\t\t<h4>Haben Sie irgendwelche Fragen? Schick uns eine Nachricht<\/h4>\n<p>\n<div class=\"wpcf7 no-js\" id=\"wpcf7-f1980-o1\" lang=\"de-DE\" dir=\"ltr\" data-wpcf7-id=\"1980\">\n<div class=\"screen-reader-response\"><p role=\"status\" aria-live=\"polite\" aria-atomic=\"true\"><\/p> <ul><\/ul><\/div>\n<form action=\"\/de\/wp-json\/wp\/v2\/pages\/1683#wpcf7-f1980-o1\" method=\"post\" class=\"wpcf7-form init\" aria-label=\"Kontaktformular\" novalidate=\"novalidate\" data-status=\"init\">\n<fieldset class=\"hidden-fields-container\"><input type=\"hidden\" name=\"_wpcf7\" value=\"1980\" \/><input type=\"hidden\" name=\"_wpcf7_version\" value=\"6.1.5\" \/><input type=\"hidden\" name=\"_wpcf7_locale\" value=\"de_DE\" \/><input type=\"hidden\" name=\"_wpcf7_unit_tag\" value=\"wpcf7-f1980-o1\" \/><input type=\"hidden\" name=\"_wpcf7_container_post\" value=\"0\" \/><input type=\"hidden\" name=\"_wpcf7_posted_data_hash\" value=\"\" \/>\n<\/fieldset>\n<div class=\"column one-third\">\n\t<p><span class=\"wpcf7-form-control-wrap\" data-name=\"your-name\"><input size=\"40\" maxlength=\"400\" class=\"wpcf7-form-control wpcf7-text wpcf7-validates-as-required\" aria-required=\"true\" aria-invalid=\"false\" placeholder=\"Vorname und Nachname\" value=\"\" type=\"text\" name=\"your-name\" \/><\/span>\n\t<\/p>\n<\/div>\n<div class=\"column one-third\">\n\t<p><span class=\"wpcf7-form-control-wrap\" data-name=\"your-email\"><input size=\"40\" maxlength=\"400\" class=\"wpcf7-form-control wpcf7-email wpcf7-validates-as-required wpcf7-text wpcf7-validates-as-email\" aria-required=\"true\" aria-invalid=\"false\" placeholder=\"Deine E-Mail\" value=\"\" type=\"email\" name=\"your-email\" \/><\/span>\n\t<\/p>\n<\/div>\n<div class=\"column one-third\">\n\t<p><span class=\"wpcf7-form-control-wrap\" data-name=\"your-telefon\"><input size=\"40\" maxlength=\"400\" class=\"wpcf7-form-control wpcf7-tel wpcf7-validates-as-required wpcf7-text wpcf7-validates-as-tel\" aria-required=\"true\" aria-invalid=\"false\" placeholder=\"Telefonnummer\" value=\"\" type=\"tel\" name=\"your-telefon\" \/><\/span>\n\t<\/p>\n<\/div>\n<div class=\"column one\">\n\t<p><span class=\"wpcf7-form-control-wrap\" data-name=\"your-message\"><textarea cols=\"40\" rows=\"6\" maxlength=\"2000\" class=\"wpcf7-form-control wpcf7-textarea wpcf7-validates-as-required\" aria-required=\"true\" aria-invalid=\"false\" placeholder=\"Nachrichteninhalt\" name=\"your-message\"><\/textarea><\/span>\n\t<\/p>\n<\/div>\n<div class=\"column one\">\n\t<p><input class=\"wpcf7-form-control wpcf7-submit has-spinner button_full_width\" type=\"submit\" value=\"Wy\u015blij Zapytanie\" \/>\n\t<\/p>\n<\/div><div class=\"wpcf7-response-output\" aria-hidden=\"true\"><\/div>\n<\/form>\n<\/div>\n<\/p>\n\t\t\t\t\t\t\t\t<\/div>\n\t\t\t\t<\/div>\n\t\t\t\t\t<\/div>\n\t\t<\/div>\n\t\t\t\t\t<\/div>\n\t\t<\/section>\n\t\t\t\t<\/div>\n\t\t","protected":false},"excerpt":{"rendered":"<p>Kontakt ACE GlassM. Wo\u017aniak sp. z o.o. Kamienna Str. 6 62-081 Wysogotowo, k. Pozna\u0144, Polen +48 61 816 19 38 +48 575 001 174 aceglass@aceglass.pl Steueridentifikationsnr.:<span class=\"excerpt-hellip\"> [\u2026]<\/span><\/p>\n","protected":false},"author":9,"featured_media":0,"parent":0,"menu_order":0,"comment_status":"closed","ping_status":"closed","template":"","meta":{"advgb_blocks_editor_width":"","advgb_blocks_columns_visual_guide":"","footnotes":""},"class_list":["post-1683","page","type-page","status-publish","hentry"],"yoast_head":"<!-- This site is optimized with the Yoast SEO plugin v27.4 - https:\/\/yoast.com\/product\/yoast-seo-wordpress\/ -->\n<title>Kontakt \u2b50 ACE Glass<\/title>\n<meta name=\"robots\" content=\"index, follow, max-snippet:-1, max-image-preview:large, max-video-preview:-1\" \/>\n<link rel=\"canonical\" href=\"https:\/\/aceglass.pl\/de\/kontakt\/\" \/>\n<meta property=\"og:locale\" content=\"de_DE\" \/>\n<meta property=\"og:type\" content=\"article\" \/>\n<meta property=\"og:title\" content=\"Kontakt \u2b50 ACE Glass\" \/>\n<meta property=\"og:description\" content=\"Kontakt ACE GlassM. Wo\u017aniak sp. z o.o. Kamienna Str. 6 62-081 Wysogotowo, k. Pozna\u0144, Polen +48 61 816 19 38 +48 575 001 174 aceglass@aceglass.pl Steueridentifikationsnr.: [\u2026]\" \/>\n<meta property=\"og:url\" content=\"https:\/\/aceglass.pl\/de\/kontakt\/\" \/>\n<meta property=\"og:site_name\" content=\"ACE Glass\" \/>\n<meta property=\"article:modified_time\" content=\"2026-03-31T07:11:28+00:00\" \/>\n<meta name=\"twitter:card\" content=\"summary_large_image\" \/>\n<!-- \/ Yoast SEO plugin. -->","yoast_head_json":{"title":"Kontakt \u2b50 ACE Glass","robots":{"index":"index","follow":"follow","max-snippet":"max-snippet:-1","max-image-preview":"max-image-preview:large","max-video-preview":"max-video-preview:-1"},"canonical":"https:\/\/aceglass.pl\/de\/kontakt\/","og_locale":"de_DE","og_type":"article","og_title":"Kontakt \u2b50 ACE Glass","og_description":"Kontakt ACE GlassM. Wo\u017aniak sp. z o.o. Kamienna Str. 6 62-081 Wysogotowo, k. Pozna\u0144, Polen +48 61 816 19 38 +48 575 001 174 aceglass@aceglass.pl Steueridentifikationsnr.: [\u2026]","og_url":"https:\/\/aceglass.pl\/de\/kontakt\/","og_site_name":"ACE Glass","article_modified_time":"2026-03-31T07:11:28+00:00","twitter_card":"summary_large_image","schema":{"@context":"https:\/\/schema.org","@graph":[{"@type":"WebPage","@id":"https:\/\/aceglass.pl\/de\/kontakt\/","url":"https:\/\/aceglass.pl\/de\/kontakt\/","name":"Kontakt \u2b50 ACE Glass","isPartOf":{"@id":"https:\/\/aceglass.pl\/de\/#website"},"datePublished":"2021-12-09T08:15:11+00:00","dateModified":"2026-03-31T07:11:28+00:00","breadcrumb":{"@id":"https:\/\/aceglass.pl\/de\/kontakt\/#breadcrumb"},"inLanguage":"de","potentialAction":[{"@type":"ReadAction","target":["https:\/\/aceglass.pl\/de\/kontakt\/"]}]},{"@type":"BreadcrumbList","@id":"https:\/\/aceglass.pl\/de\/kontakt\/#breadcrumb","itemListElement":[{"@type":"ListItem","position":1,"name":"Strona g\u0142\u00f3wna","item":"https:\/\/aceglass.pl\/de\/"},{"@type":"ListItem","position":2,"name":"Kontakt"}]},{"@type":"WebSite","@id":"https:\/\/aceglass.pl\/de\/#website","url":"https:\/\/aceglass.pl\/de\/","name":"AceGlass Pozna\u0144","description":"Pozna\u0144","potentialAction":[{"@type":"SearchAction","target":{"@type":"EntryPoint","urlTemplate":"https:\/\/aceglass.pl\/de\/?s={search_term_string}"},"query-input":{"@type":"PropertyValueSpecification","valueRequired":true,"valueName":"search_term_string"}}],"inLanguage":"de"}]}},"coauthors":[],"author_meta":{"author_link":"https:\/\/aceglass.pl\/de\/author\/aceglass\/","display_name":"AceGlass"},"relative_dates":{"created":"Ver\u00f6ffentlicht 4\u00a0Jahren vor","modified":"Aktualisiert 3\u00a0Wochen vor"},"absolute_dates":{"created":"Ver\u00f6ffentlicht am 9. Dezember 2021","modified":"Aktualisiert am 31. M\u00e4rz 2026"},"absolute_dates_time":{"created":"Ver\u00f6ffentlicht am 9. Dezember 2021 9:15","modified":"Aktualisiert am 31. M\u00e4rz 2026 9:11"},"featured_img_caption":"","featured_img":false,"series_order":"","_links":{"self":[{"href":"https:\/\/aceglass.pl\/de\/wp-json\/wp\/v2\/pages\/1683","targetHints":{"allow":["GET"]}}],"collection":[{"href":"https:\/\/aceglass.pl\/de\/wp-json\/wp\/v2\/pages"}],"about":[{"href":"https:\/\/aceglass.pl\/de\/wp-json\/wp\/v2\/types\/page"}],"author":[{"embeddable":true,"href":"https:\/\/aceglass.pl\/de\/wp-json\/wp\/v2\/users\/9"}],"replies":[{"embeddable":true,"href":"https:\/\/aceglass.pl\/de\/wp-json\/wp\/v2\/comments?post=1683"}],"version-history":[{"count":11,"href":"https:\/\/aceglass.pl\/de\/wp-json\/wp\/v2\/pages\/1683\/revisions"}],"predecessor-version":[{"id":2973,"href":"https:\/\/aceglass.pl\/de\/wp-json\/wp\/v2\/pages\/1683\/revisions\/2973"}],"wp:attachment":[{"href":"https:\/\/aceglass.pl\/de\/wp-json\/wp\/v2\/media?parent=1683"}],"curies":[{"name":"wp","href":"https:\/\/api.w.org\/{rel}","templated":true}]}}